{"id":2,"date":"2024-11-29T16:36:58","date_gmt":"2024-11-29T21:36:58","guid":{"rendered":"https:\/\/vecteursleviers.com\/EduIA\/?page_id=2"},"modified":"2024-11-30T05:38:38","modified_gmt":"2024-11-30T10:38:38","slug":"a-propos","status":"publish","type":"page","link":"https:\/\/vecteursleviers.com\/EduIA\/a-propos\/","title":{"rendered":"\u00c0 propos"},"content":{"rendered":"\n<p>EduIA est g\u00e9r\u00e9e par l&rsquo;\u00e9quipe de <a href=\"https:\/vecteursleviers.com\">Vecteurs et Leviers<\/a>, qui collabore pour recenser et structurer un contenu pertinent sur l\u2019intelligence artificielle en \u00e9ducation. <\/p>\n\n\n\n<p>Notre veille est r\u00e9alis\u00e9e par l\u2019ensemble de l\u2019\u00e9quipe, qui s\u2019assure de suivre les tendances et les d\u00e9veloppements dans le domaine. Les ressources sont rep\u00e9r\u00e9es par la veille omnicanal de notre \u00e9quipe. <\/p>\n\n\n\n<p>Les ressources cl\u00e9s sont publi\u00e9es sous forme de micro-articles class\u00e9s dans diff\u00e9rentes cat\u00e9gories, comme les \u00e9tudes, outils, r\u00e9cits pratiques et politiques institutionnelles.<\/p>\n\n\n\n<p>Le contenu r\u00e9sumant les articles est g\u00e9n\u00e9r\u00e9 \u00e0 l\u2019aide de l\u2019intelligence artificielle (GPTs), puis rigoureusement r\u00e9vis\u00e9 par nos experts afin de garantir sa qualit\u00e9 et sa fiabilit\u00e9. L\u2019objectif est de contextualiser ces ressources pour qu\u2019elles soient directement utiles aux acteurs de l\u2019\u00e9ducation.<\/p>\n","protected":false},"excerpt":{"rendered":"<p>EduIA est g\u00e9r\u00e9e par l&rsquo;\u00e9quipe de Vecteurs et Leviers, qui collabore pour recenser et structurer un contenu pertinent sur l\u2019intelligence artificielle en \u00e9ducation. Notre veille est r\u00e9alis\u00e9e par l\u2019ensemble de l\u2019\u00e9quipe, qui s\u2019assure de suivre les tendances et les d\u00e9veloppements dans le domaine. Les ressources sont rep\u00e9r\u00e9es par la veille omnicanal de notre \u00e9quipe. Les [&hellip;]<\/p>\n","protected":false},"author":1,"featured_media":0,"parent":0,"menu_order":0,"comment_status":"closed","ping_status":"closed","template":"","meta":{"footnotes":""},"class_list":["post-2","page","type-page","status-publish","hentry"],"_links":{"self":[{"href":"https:\/\/vecteursleviers.com\/EduIA\/wp-json\/wp\/v2\/pages\/2","targetHints":{"allow":["GET"]}}],"collection":[{"href":"https:\/\/vecteursleviers.com\/EduIA\/wp-json\/wp\/v2\/pages"}],"about":[{"href":"https:\/\/vecteursleviers.com\/EduIA\/wp-json\/wp\/v2\/types\/page"}],"author":[{"embeddable":true,"href":"https:\/\/vecteursleviers.com\/EduIA\/wp-json\/wp\/v2\/users\/1"}],"replies":[{"embeddable":true,"href":"https:\/\/vecteursleviers.com\/EduIA\/wp-json\/wp\/v2\/comments?post=2"}],"version-history":[{"count":3,"href":"https:\/\/vecteursleviers.com\/EduIA\/wp-json\/wp\/v2\/pages\/2\/revisions"}],"predecessor-version":[{"id":208,"href":"https:\/\/vecteursleviers.com\/EduIA\/wp-json\/wp\/v2\/pages\/2\/revisions\/208"}],"wp:attachment":[{"href":"https:\/\/vecteursleviers.com\/EduIA\/wp-json\/wp\/v2\/media?parent=2"}],"curies":[{"name":"wp","href":"https:\/\/api.w.org\/{rel}","templated":true}]}}