{"id":177,"date":"2024-11-30T07:35:21","date_gmt":"2024-11-30T12:35:21","guid":{"rendered":"https:\/\/vecteursleviers.com\/EduIA\/?page_id=177"},"modified":"2024-11-30T07:35:21","modified_gmt":"2024-11-30T12:35:21","slug":"infolettre","status":"publish","type":"page","link":"https:\/\/vecteursleviers.com\/EduIA\/infolettre\/","title":{"rendered":"Infolettre"},"content":{"rendered":"\n<p>Restez inform\u00e9s de l\u2019innovation en intelligence artificielle appliqu\u00e9e \u00e0 l\u2019\u00e9ducation en vous abonnant \u00e0 notre infolettre!<\/p>\n\n\n\n<p>Chaque mois, recevez dans votre bo\u00eete courriel des ressources exclusives, des analyses approfondies et des actualit\u00e9s incontournables recens\u00e9s par notre \u00e9quipe pour enrichir votre compr\u00e9hension et vos pratiques \u00e9ducatives.<\/p>\n\n\n\n<p>Que vous optiez pour l\u2019abonnement gratuit ou premium, nos infolettres sont con\u00e7ues pour vous inspirer, vous outiller et vous accompagner dans cette r\u00e9volution \u00e9ducative.<\/p>\n\n\n\n<p>Ne manquez pas l\u2019opportunit\u00e9 d\u2019\u00eatre acteur du changement \u00e0 l\u2019\u00e8re de l\u2019IA.<\/p>\n\n\n\n<p><strong>Abonnez-vous d\u00e8s aujourd\u2019hui !<\/strong><\/p>\n","protected":false},"excerpt":{"rendered":"<p>Restez inform\u00e9s de l\u2019innovation en intelligence artificielle appliqu\u00e9e \u00e0 l\u2019\u00e9ducation en vous abonnant \u00e0 notre infolettre! Chaque mois, recevez dans votre bo\u00eete courriel des ressources exclusives, des analyses approfondies et des actualit\u00e9s incontournables recens\u00e9s par notre \u00e9quipe pour enrichir votre compr\u00e9hension et vos pratiques \u00e9ducatives. Que vous optiez pour l\u2019abonnement gratuit ou premium, nos infolettres [&hellip;]<\/p>\n","protected":false},"author":1,"featured_media":0,"parent":0,"menu_order":0,"comment_status":"closed","ping_status":"closed","template":"","meta":{"footnotes":""},"class_list":["post-177","page","type-page","status-publish","hentry"],"_links":{"self":[{"href":"https:\/\/vecteursleviers.com\/EduIA\/wp-json\/wp\/v2\/pages\/177","targetHints":{"allow":["GET"]}}],"collection":[{"href":"https:\/\/vecteursleviers.com\/EduIA\/wp-json\/wp\/v2\/pages"}],"about":[{"href":"https:\/\/vecteursleviers.com\/EduIA\/wp-json\/wp\/v2\/types\/page"}],"author":[{"embeddable":true,"href":"https:\/\/vecteursleviers.com\/EduIA\/wp-json\/wp\/v2\/users\/1"}],"replies":[{"embeddable":true,"href":"https:\/\/vecteursleviers.com\/EduIA\/wp-json\/wp\/v2\/comments?post=177"}],"version-history":[{"count":1,"href":"https:\/\/vecteursleviers.com\/EduIA\/wp-json\/wp\/v2\/pages\/177\/revisions"}],"predecessor-version":[{"id":179,"href":"https:\/\/vecteursleviers.com\/EduIA\/wp-json\/wp\/v2\/pages\/177\/revisions\/179"}],"wp:attachment":[{"href":"https:\/\/vecteursleviers.com\/EduIA\/wp-json\/wp\/v2\/media?parent=177"}],"curies":[{"name":"wp","href":"https:\/\/api.w.org\/{rel}","templated":true}]}}