{"id":124,"date":"2024-11-30T06:52:57","date_gmt":"2024-11-30T11:52:57","guid":{"rendered":"https:\/\/vecteursleviers.com\/EduIA\/?page_id=124"},"modified":"2024-12-08T14:53:21","modified_gmt":"2024-12-08T19:53:21","slug":"formations","status":"publish","type":"page","link":"https:\/\/vecteursleviers.com\/EduIA\/formations\/","title":{"rendered":"Formations"},"content":{"rendered":"\n<p>L&rsquo;\u00e9quipe de Vecteurs et Leviers offre des formations adapt\u00e9es et personnalis\u00e9es \u00e0 tous les niveaux d&rsquo;\u00e9ducation.<\/p>\n\n\n<ul class=\"wp-block-latest-posts__list has-dates has-author wp-block-latest-posts\"><\/ul>\n\n\n<div style=\"height:100px\" aria-hidden=\"true\" class=\"wp-block-spacer\"><\/div>\n\n\n\n<div class=\"wp-block-columns is-layout-flex wp-container-core-columns-is-layout-28f84493 wp-block-columns-is-layout-flex\">\n<div class=\"wp-block-column is-vertically-aligned-top is-layout-flow wp-block-column-is-layout-flow\" style=\"flex-basis:4%\">\n<h2 class=\"wp-block-heading has-text-align-center\"><i class=\"fas fa-wand-magic-sparkles\"><\/i> <\/h2>\n<\/div>\n\n\n\n<div class=\"wp-block-column is-layout-flow wp-block-column-is-layout-flow\" style=\"flex-basis:66.66%\">\n<h2 class=\"wp-block-heading\">Appropriation de l&rsquo;IA g\u00e9n\u00e9rative en contexte p\u00e9dagogique<\/h2>\n\n\n\n<p>Cette formation vise \u00e0 familiariser les enseignant.es avec les applications de l&rsquo;intelligence artificielle g\u00e9n\u00e9rative en p\u00e9dagogie (ChatGPT).<\/p>\n\n\n\n<p>Elle aborde l&rsquo;int\u00e9gration de l&rsquo;IA dans la planification de cours, la cr\u00e9ation de contenu, l&rsquo;\u00e9valuation, et propose des strat\u00e9gies pour une utilisation efficace et \u00e9thique.<\/p>\n<\/div>\n<\/div>\n\n\n\n<div style=\"height:100px\" aria-hidden=\"true\" class=\"wp-block-spacer\"><\/div>\n\n\n\n<div class=\"wp-block-columns is-layout-flex wp-container-core-columns-is-layout-28f84493 wp-block-columns-is-layout-flex\">\n<div class=\"wp-block-column is-vertically-aligned-top is-layout-flow wp-block-column-is-layout-flow\" style=\"flex-basis:4%\">\n<h2 class=\"wp-block-heading has-text-align-center\"><i class=\"fas fa-check\"><\/i><\/h2>\n<\/div>\n\n\n\n<div class=\"wp-block-column is-layout-flow wp-block-column-is-layout-flow\" style=\"flex-basis:66.66%\">\n<h2 class=\"wp-block-heading\">IA et \u00e9valuation des apprentissages<\/h2>\n\n\n\n<p>Cette formation explore comment l\u2019intelligence artificielle peut \u00eatre utilis\u00e9e pour am\u00e9liorer l\u2019\u00e9valuation des apprentissages. Les participant.es apprendront \u00e0 utiliser des outils d\u2019IA pour cr\u00e9er des \u00e9valuations personnalis\u00e9es, analyser les r\u00e9sultats d\u2019apprentissage, et offrir une r\u00e9troaction adapt\u00e9e. Des discussions sur les enjeux \u00e9thiques et la fiabilit\u00e9 des \u00e9valuations assist\u00e9es par l&rsquo;IA sont \u00e9galement pr\u00e9vues.<\/p>\n<\/div>\n<\/div>\n\n\n\n<div style=\"height:100px\" aria-hidden=\"true\" class=\"wp-block-spacer\"><\/div>\n\n\n\n<div class=\"wp-block-columns is-layout-flex wp-container-core-columns-is-layout-28f84493 wp-block-columns-is-layout-flex\">\n<div class=\"wp-block-column is-vertically-aligned-top is-layout-flow wp-block-column-is-layout-flow\" style=\"flex-basis:4%\">\n<h2 class=\"wp-block-heading has-text-align-center\"><i class=\"fas fa-diagram-predecessor\"><\/i><\/h2>\n<\/div>\n\n\n\n<div class=\"wp-block-column is-layout-flow wp-block-column-is-layout-flow\" style=\"flex-basis:66.66%\">\n<h2 class=\"wp-block-heading\">IA pr\u00e9dictive en contexte \u00e9ducatif<\/h2>\n\n\n\n<p>Cette formation met l\u2019accent sur l\u2019utilisation de l\u2019IA pr\u00e9dictive pour soutenir les enseignant.es dans la prise de d\u00e9cision. Les participant.es apprendront \u00e0 utiliser des outils d\u2019IA pr\u00e9dictive pour identifier les \u00e9tudiant.es \u00e0 risque, personnaliser les parcours d\u2019apprentissage, et pr\u00e9dire les tendances d&rsquo;apprentissage. La formation aborde \u00e9galement les aspects \u00e9thiques reli\u00e9s \u00e0 la pr\u00e9diction en \u00e9ducation.<\/p>\n<\/div>\n<\/div>\n\n\n\n<div style=\"height:100px\" aria-hidden=\"true\" class=\"wp-block-spacer\"><\/div>\n\n\n\n<div class=\"wp-block-columns is-layout-flex wp-container-core-columns-is-layout-28f84493 wp-block-columns-is-layout-flex\">\n<div class=\"wp-block-column is-vertically-aligned-top is-layout-flow wp-block-column-is-layout-flow\" style=\"flex-basis:4%\">\n<h2 class=\"wp-block-heading has-text-align-center\"><i class=\"fas fa-rocket\"><\/i><\/h2>\n<\/div>\n\n\n\n<div class=\"wp-block-column is-layout-flow wp-block-column-is-layout-flow\" style=\"flex-basis:66.66%\">\n<h2 class=\"wp-block-heading\">G\u00e9n\u00e9ration avanc\u00e9e de contenu pour l&rsquo;\u00e9ducation<\/h2>\n\n\n\n<p>Cette formation avanc\u00e9e s\u2019adresse aux enseignant.es et formateur.trices souhaitant approfondir leurs comp\u00e9tences en g\u00e9n\u00e9ration de contenu assist\u00e9e par l\u2019IA. Elle propose un accompagnement personnalis\u00e9 pour cr\u00e9er des modules \u00e9ducatifs complexes, enrichir les contenus p\u00e9dagogiques, et optimiser les outils d\u2019IA pour r\u00e9pondre aux besoins sp\u00e9cifiques des \u00e9tudiant.es. Les participant.es travailleront sur des projets concrets et b\u00e9n\u00e9ficieront d&rsquo;une assistance pour int\u00e9grer les outils IA dans leurs pratiques quotidiennes.<\/p>\n<\/div>\n<\/div>\n\n\n\n<div style=\"height:100px\" aria-hidden=\"true\" class=\"wp-block-spacer\"><\/div>\n\n\n\n<div class=\"wp-block-columns is-layout-flex wp-container-core-columns-is-layout-28f84493 wp-block-columns-is-layout-flex\">\n<div class=\"wp-block-column is-vertically-aligned-top is-layout-flow wp-block-column-is-layout-flow\" style=\"flex-basis:4%\">\n<h2 class=\"wp-block-heading has-text-align-center\"><i class=\"fas fa-chalkboard-user\"><\/i><\/h2>\n<\/div>\n\n\n\n<div class=\"wp-block-column is-layout-flow wp-block-column-is-layout-flow\" style=\"flex-basis:66.66%\">\n<h2 class=\"wp-block-heading\">\u00c9thique et prospective de l&rsquo;intelligence artificielle en \u00e9ducation<br><\/h2>\n\n\n\n<p>Cette conf\u00e9rence propose une r\u00e9flexion sur les enjeux \u00e9thiques li\u00e9s \u00e0 l\u2019utilisation de l\u2019intelligence artificielle en \u00e9ducation et explore les perspectives futures de son int\u00e9gration. Les participant.es seront amen\u00e9s \u00e0 discuter des questions d\u2019\u00e9quit\u00e9, de transparence, et de respect de la vie priv\u00e9e, ainsi qu\u2019\u00e0 envisager les impacts \u00e0 long terme de l\u2019IA sur les pratiques p\u00e9dagogiques et les parcours des apprenant.es. La conf\u00e9rence vise \u00e0 sensibiliser les acteurs du milieu \u00e9ducatif aux d\u00e9fis et aux opportunit\u00e9s que pr\u00e9sente l\u2019IA, tout en favorisant un \u00e9change sur des pratiques responsables et durables.<\/p>\n<\/div>\n<\/div>\n","protected":false},"excerpt":{"rendered":"<p>L&rsquo;\u00e9quipe de Vecteurs et Leviers offre des formations adapt\u00e9es et personnalis\u00e9es \u00e0 tous les niveaux d&rsquo;\u00e9ducation. Appropriation de l&rsquo;IA g\u00e9n\u00e9rative en contexte p\u00e9dagogique Cette formation vise \u00e0 familiariser les enseignant.es avec les applications de l&rsquo;intelligence artificielle g\u00e9n\u00e9rative en p\u00e9dagogie (ChatGPT). Elle aborde l&rsquo;int\u00e9gration de l&rsquo;IA dans la planification de cours, la cr\u00e9ation de contenu, l&rsquo;\u00e9valuation, [&hellip;]<\/p>\n","protected":false},"author":1,"featured_media":0,"parent":0,"menu_order":0,"comment_status":"closed","ping_status":"closed","template":"","meta":{"footnotes":""},"class_list":["post-124","page","type-page","status-publish","hentry"],"_links":{"self":[{"href":"https:\/\/vecteursleviers.com\/EduIA\/wp-json\/wp\/v2\/pages\/124","targetHints":{"allow":["GET"]}}],"collection":[{"href":"https:\/\/vecteursleviers.com\/EduIA\/wp-json\/wp\/v2\/pages"}],"about":[{"href":"https:\/\/vecteursleviers.com\/EduIA\/wp-json\/wp\/v2\/types\/page"}],"author":[{"embeddable":true,"href":"https:\/\/vecteursleviers.com\/EduIA\/wp-json\/wp\/v2\/users\/1"}],"replies":[{"embeddable":true,"href":"https:\/\/vecteursleviers.com\/EduIA\/wp-json\/wp\/v2\/comments?post=124"}],"version-history":[{"count":17,"href":"https:\/\/vecteursleviers.com\/EduIA\/wp-json\/wp\/v2\/pages\/124\/revisions"}],"predecessor-version":[{"id":436,"href":"https:\/\/vecteursleviers.com\/EduIA\/wp-json\/wp\/v2\/pages\/124\/revisions\/436"}],"wp:attachment":[{"href":"https:\/\/vecteursleviers.com\/EduIA\/wp-json\/wp\/v2\/media?parent=124"}],"curies":[{"name":"wp","href":"https:\/\/api.w.org\/{rel}","templated":true}]}}